{"id":1136,"date":"2024-04-09T13:23:23","date_gmt":"2024-04-09T16:23:23","guid":{"rendered":"http:\/\/kidimais.com.br\/sitenovo\/?page_id=1136"},"modified":"2024-04-09T13:24:56","modified_gmt":"2024-04-09T16:24:56","slug":"termos-de-servico","status":"publish","type":"page","link":"http:\/\/kidimais.com.br\/sitenovo\/termos-de-servico\/","title":{"rendered":"Termos de Servi\u00e7o"},"content":{"rendered":"\t\t<div data-elementor-type=\"wp-page\" data-elementor-id=\"1136\" class=\"elementor elementor-1136\" data-elementor-post-type=\"page\">\n\t\t\t\t\t\t<section class=\"elementor-section elementor-top-section elementor-element elementor-element-2751a7e8 elementor-section-content-middle elementor-section-height-min-height elementor-section-boxed elementor-section-height-default elementor-section-items-middle wpr-jarallax-no wpr-parallax-no wpr-sticky-section-no\" data-id=\"2751a7e8\" data-element_type=\"section\" id=\"banner_section\" data-settings=\"{&quot;background_background&quot;:&quot;gradient&quot;,&quot;shape_divider_bottom&quot;:&quot;multi-wave&quot;,&quot;_ha_eqh_enable&quot;:false}\">\n\t\t\t\t\t\t\t<div class=\"elementor-background-overlay\"><\/div>\n\t\t\t\t\t\t<div class=\"elementor-shape elementor-shape-bottom\" data-negative=\"false\">\n\t\t\t<svg xmlns=\"http:\/\/www.w3.org\/2000\/svg\" viewBox=\"0 0 4080 400\" preserveAspectRatio=\"none\">\r\n<path class=\"elementor-shape-fill ha-shape-divider\" opacity=\"0.2\" enable-background=\"new    \" d=\"M4080,79.3V0L1179.4,0v79.3c0,0,694.9,437.4,1471.3,275.6\r\n\tS3575.7-152.5,4080,79.3z\"\/>\r\n<path class=\"elementor-shape-fill ha-shape-divider\" opacity=\"0.2\" enable-background=\"new    \" d=\"M2249,79.3V0L0,0l0,79.3c0,0,43.3,437.4,819.8,275.6S1744.7-152.5,2249,79.3z\"\/>\r\n<path class=\"elementor-shape-fill ha-shape-divider\" opacity=\"0.2\" enable-background=\"new    \" d=\"M2631.6,49.8c0,0-596.3,547.3-1468.8,230.2S0,95.6,0,95.6L0,0l2631.6,0V49.8z\"\/>\r\n<path class=\"elementor-shape-fill ha-shape-divider\" opacity=\"0.2\" enable-background=\"new    \" d=\"M4080,95.6c0,0-428.4,501.5-1208.9,184.4S1831,95.6,1831,95.6V0l2249,0V95.6z\"\/>\r\n<path class=\"elementor-shape-fill ha-shape-divider\" d=\"M4080,0v192.6c-392.4,177-703.2,95.6-1075-34.1c-214.6-74.8-508-126-839.1,6.1c-149.2,59.5-447.2,203.4-1026.2,10.8\r\n\tC313.2-99.5,0,95.6,0,95.6L0,0l2249,0L4080,0z\"\/>\r\n<\/svg>\r\n\t\t<\/div>\n\t\t\t\t\t<div class=\"elementor-container elementor-column-gap-no\">\n\t\t\t\t\t<div class=\"elementor-column elementor-col-50 elementor-top-column elementor-element elementor-element-7560fed2\" data-id=\"7560fed2\" data-element_type=\"column\">\n\t\t\t<div class=\"elementor-widget-wrap elementor-element-populated\">\n\t\t\t\t\t\t<div class=\"elementor-element elementor-element-3861980 elementor-widget elementor-widget-heading\" data-id=\"3861980\" data-element_type=\"widget\" data-widget_type=\"heading.default\">\n\t\t\t\t<div class=\"elementor-widget-container\">\n\t\t\t<style>\/*! elementor - v3.19.0 - 05-02-2024 *\/\n.elementor-heading-title{padding:0;margin:0;line-height:1}.elementor-widget-heading .elementor-heading-title[class*=elementor-size-]>a{color:inherit;font-size:inherit;line-height:inherit}.elementor-widget-heading .elementor-heading-title.elementor-size-small{font-size:15px}.elementor-widget-heading .elementor-heading-title.elementor-size-medium{font-size:19px}.elementor-widget-heading .elementor-heading-title.elementor-size-large{font-size:29px}.elementor-widget-heading .elementor-heading-title.elementor-size-xl{font-size:39px}.elementor-widget-heading .elementor-heading-title.elementor-size-xxl{font-size:59px}<\/style><h2 class=\"elementor-heading-title elementor-size-default\">Termos de Servi\u00e7o<\/h2>\t\t<\/div>\n\t\t\t\t<\/div>\n\t\t\t\t<div class=\"elementor-element elementor-element-4b5a04b elementor-widget elementor-widget-spacer\" data-id=\"4b5a04b\" data-element_type=\"widget\" data-widget_type=\"spacer.default\">\n\t\t\t\t<div class=\"elementor-widget-container\">\n\t\t\t<style>\/*! elementor - v3.19.0 - 05-02-2024 *\/\n.elementor-column .elementor-spacer-inner{height:var(--spacer-size)}.e-con{--container-widget-width:100%}.e-con-inner>.elementor-widget-spacer,.e-con>.elementor-widget-spacer{width:var(--container-widget-width,var(--spacer-size));--align-self:var(--container-widget-align-self,initial);--flex-shrink:0}.e-con-inner>.elementor-widget-spacer>.elementor-widget-container,.e-con>.elementor-widget-spacer>.elementor-widget-container{height:100%;width:100%}.e-con-inner>.elementor-widget-spacer>.elementor-widget-container>.elementor-spacer,.e-con>.elementor-widget-spacer>.elementor-widget-container>.elementor-spacer{height:100%}.e-con-inner>.elementor-widget-spacer>.elementor-widget-container>.elementor-spacer>.elementor-spacer-inner,.e-con>.elementor-widget-spacer>.elementor-widget-container>.elementor-spacer>.elementor-spacer-inner{height:var(--container-widget-height,var(--spacer-size))}.e-con-inner>.elementor-widget-spacer.elementor-widget-empty,.e-con>.elementor-widget-spacer.elementor-widget-empty{position:relative;min-height:22px;min-width:22px}.e-con-inner>.elementor-widget-spacer.elementor-widget-empty .elementor-widget-empty-icon,.e-con>.elementor-widget-spacer.elementor-widget-empty .elementor-widget-empty-icon{position:absolute;top:0;bottom:0;left:0;right:0;margin:auto;padding:0;width:22px;height:22px}<\/style>\t\t<div class=\"elementor-spacer\">\n\t\t\t<div class=\"elementor-spacer-inner\"><\/div>\n\t\t<\/div>\n\t\t\t\t<\/div>\n\t\t\t\t<\/div>\n\t\t\t\t\t<\/div>\n\t\t<\/div>\n\t\t\t\t<div class=\"elementor-column elementor-col-50 elementor-top-column elementor-element elementor-element-6efce47d\" data-id=\"6efce47d\" data-element_type=\"column\">\n\t\t\t<div class=\"elementor-widget-wrap\">\n\t\t\t\t\t\t\t<\/div>\n\t\t<\/div>\n\t\t\t\t\t<\/div>\n\t\t<\/section>\n\t\t\t\t<section class=\"elementor-section elementor-top-section elementor-element elementor-element-824aa7c elementor-section-content-middle elementor-section-boxed elementor-section-height-default elementor-section-height-default wpr-particle-no wpr-jarallax-no wpr-parallax-no wpr-sticky-section-no\" data-id=\"824aa7c\" data-element_type=\"section\" data-settings=\"{&quot;background_background&quot;:&quot;classic&quot;,&quot;_ha_eqh_enable&quot;:false}\">\n\t\t\t\t\t\t<div class=\"elementor-container elementor-column-gap-no\">\n\t\t\t\t\t<div class=\"elementor-column elementor-col-100 elementor-top-column elementor-element elementor-element-cfcc8c4\" data-id=\"cfcc8c4\" data-element_type=\"column\">\n\t\t\t<div class=\"elementor-widget-wrap elementor-element-populated\">\n\t\t\t\t\t\t<section class=\"elementor-section elementor-inner-section elementor-element elementor-element-eb01c6b elementor-section-boxed elementor-section-height-default elementor-section-height-default wpr-particle-no wpr-jarallax-no wpr-parallax-no wpr-sticky-section-no elementor-invisible\" data-id=\"eb01c6b\" data-element_type=\"section\" data-settings=\"{&quot;animation&quot;:&quot;fadeInUp&quot;,&quot;_ha_eqh_enable&quot;:false}\">\n\t\t\t\t\t\t<div class=\"elementor-container elementor-column-gap-no\">\n\t\t\t\t\t<div class=\"elementor-column elementor-col-100 elementor-inner-column elementor-element elementor-element-351c198\" data-id=\"351c198\" data-element_type=\"column\">\n\t\t\t<div class=\"elementor-widget-wrap elementor-element-populated\">\n\t\t\t\t\t\t<div class=\"elementor-element elementor-element-c715cbd elementor-widget elementor-widget-text-editor\" data-id=\"c715cbd\" data-element_type=\"widget\" data-widget_type=\"text-editor.default\">\n\t\t\t\t<div class=\"elementor-widget-container\">\n\t\t\t<style>\/*! elementor - v3.19.0 - 05-02-2024 *\/\n.elementor-widget-text-editor.elementor-drop-cap-view-stacked .elementor-drop-cap{background-color:#69727d;color:#fff}.elementor-widget-text-editor.elementor-drop-cap-view-framed .elementor-drop-cap{color:#69727d;border:3px solid;background-color:transparent}.elementor-widget-text-editor:not(.elementor-drop-cap-view-default) .elementor-drop-cap{margin-top:8px}.elementor-widget-text-editor:not(.elementor-drop-cap-view-default) .elementor-drop-cap-letter{width:1em;height:1em}.elementor-widget-text-editor .elementor-drop-cap{float:left;text-align:center;line-height:1;font-size:50px}.elementor-widget-text-editor .elementor-drop-cap-letter{display:inline-block}<\/style>\t\t\t\t<p>Estes termos de servi\u00e7o regem o uso deste site. Ao acessar ou usar o KiDi+, voc\u00ea concorda com estes termos de servi\u00e7o. Leia-os atentamente antes de acessar ou usar o site.<\/p><p><strong>Conte\u00fado<\/strong><\/p><p>Todo o conte\u00fado do site KiDi+, incluindo texto, imagens, gr\u00e1ficos, \u00e1udio e v\u00eddeo, \u00e9 fornecido apenas para fins informativos. Nenhuma parte deste site pode ser reproduzida, distribu\u00edda ou transmitida de qualquer forma ou por qualquer meio, sem a permiss\u00e3o pr\u00e9via por escrito do propriet\u00e1rio, exceto quando for permitido o uso justo pela lei de direitos autorais.<\/p><p><strong>Links para Outros Sites<\/strong><\/p><p>O KiDi+ pode conter links para sites de terceiros ou servi\u00e7os que n\u00e3o s\u00e3o de propriedade ou controlados por n\u00f3s. N\u00e3o temos controle e n\u00e3o assumimos responsabilidade pelo conte\u00fado, pol\u00edticas de privacidade ou pr\u00e1ticas de quaisquer sites ou servi\u00e7os de terceiros. Voc\u00ea reconhece e concorda que n\u00e3o seremos respons\u00e1veis, direta ou indiretamente, por qualquer dano ou perda causada ou supostamente causada pelo uso de qualquer conte\u00fado, bens ou servi\u00e7os dispon\u00edveis em ou atrav\u00e9s de tais sites ou servi\u00e7os.<\/p><p><strong>Uso Aceit\u00e1vel<\/strong><\/p><p>Voc\u00ea concorda em usar o KiDi+ apenas para fins legais e de forma que n\u00e3o viole estes termos de servi\u00e7o. Voc\u00ea concorda em n\u00e3o usar o site de qualquer forma que possa danificar, desabilitar, sobrecarregar ou prejudicar o site ou interferir no uso e aproveitamento do site por parte de terceiros.<\/p><p><strong>Modifica\u00e7\u00f5es<\/strong><\/p><p>Reservamos o direito, a nosso crit\u00e9rio exclusivo, de modificar ou substituir estes termos de servi\u00e7o a qualquer momento. Se uma revis\u00e3o for material, tentaremos fornecer um aviso com pelo menos 30 dias de anteced\u00eancia antes de quaisquer novos termos entrarem em vigor. O que constitui uma altera\u00e7\u00e3o material ser\u00e1 determinado a nosso crit\u00e9rio exclusivo.<\/p><p><strong>Contate-nos<\/strong><\/p><p>Se tiver alguma d\u00favida sobre estes termos de servi\u00e7o, entre em contato conosco pelo email [<a target=\"_new\">contato@kidimais.com<\/a>].<\/p><p>Ao acessar ou usar o KiDi+, voc\u00ea indica que leu, entendeu e concorda em cumprir estes termos de servi\u00e7o. Se voc\u00ea n\u00e3o concordar com estes termos, por favor, n\u00e3o use o KiDi+.<\/p>\t\t\t\t\t\t<\/div>\n\t\t\t\t<\/div>\n\t\t\t\t\t<\/div>\n\t\t<\/div>\n\t\t\t\t\t<\/div>\n\t\t<\/section>\n\t\t\t\t\t<\/div>\n\t\t<\/div>\n\t\t\t\t\t<\/div>\n\t\t<\/section>\n\t\t\t\t<section class=\"elementor-section elementor-top-section elementor-element elementor-element-a4ede4b elementor-section-content-middle elementor-section-boxed elementor-section-height-default elementor-section-height-default wpr-particle-no wpr-jarallax-no wpr-parallax-no wpr-sticky-section-no\" data-id=\"a4ede4b\" data-element_type=\"section\" data-settings=\"{&quot;background_background&quot;:&quot;classic&quot;,&quot;shape_divider_bottom&quot;:&quot;waves&quot;,&quot;_ha_eqh_enable&quot;:false}\">\n\t\t\t\t\t<div class=\"elementor-shape elementor-shape-bottom\" data-negative=\"false\">\n\t\t\t<svg xmlns=\"http:\/\/www.w3.org\/2000\/svg\" viewBox=\"0 0 1000 100\" preserveAspectRatio=\"none\">\n\t<path class=\"elementor-shape-fill\" d=\"M421.9,6.5c22.6-2.5,51.5,0.4,75.5,5.3c23.6,4.9,70.9,23.5,100.5,35.7c75.8,32.2,133.7,44.5,192.6,49.7\n\tc23.6,2.1,48.7,3.5,103.4-2.5c54.7-6,106.2-25.6,106.2-25.6V0H0v30.3c0,0,72,32.6,158.4,30.5c39.2-0.7,92.8-6.7,134-22.4\n\tc21.2-8.1,52.2-18.2,79.7-24.2C399.3,7.9,411.6,7.5,421.9,6.5z\"\/>\n<\/svg>\t\t<\/div>\n\t\t\t\t\t<div class=\"elementor-container elementor-column-gap-no\">\n\t\t\t\t\t<div class=\"elementor-column elementor-col-100 elementor-top-column elementor-element elementor-element-936d8a0\" data-id=\"936d8a0\" data-element_type=\"column\">\n\t\t\t<div class=\"elementor-widget-wrap elementor-element-populated\">\n\t\t\t\t\t\t<section class=\"elementor-section elementor-inner-section elementor-element elementor-element-8d6326c elementor-section-boxed elementor-section-height-default elementor-section-height-default wpr-particle-no wpr-jarallax-no wpr-parallax-no wpr-sticky-section-no elementor-invisible\" data-id=\"8d6326c\" data-element_type=\"section\" data-settings=\"{&quot;animation&quot;:&quot;fadeInUp&quot;,&quot;_ha_eqh_enable&quot;:false}\">\n\t\t\t\t\t\t<div class=\"elementor-container elementor-column-gap-no\">\n\t\t\t\t\t<div class=\"elementor-column elementor-col-100 elementor-inner-column elementor-element elementor-element-14717a0\" data-id=\"14717a0\" data-element_type=\"column\">\n\t\t\t<div class=\"elementor-widget-wrap\">\n\t\t\t\t\t\t\t<\/div>\n\t\t<\/div>\n\t\t\t\t\t<\/div>\n\t\t<\/section>\n\t\t\t\t\t<\/div>\n\t\t<\/div>\n\t\t\t\t\t<\/div>\n\t\t<\/section>\n\t\t\t\t<\/div>\n\t\t","protected":false},"excerpt":{"rendered":"<p>Termos de Servi\u00e7o Estes termos de servi\u00e7o regem o uso deste site. Ao acessar ou usar o KiDi+, voc\u00ea concorda com estes termos de servi\u00e7o. Leia-os atentamente antes de acessar ou usar o site. Conte\u00fado Todo o conte\u00fado do site KiDi+, incluindo texto, imagens, gr\u00e1ficos, \u00e1udio e v\u00eddeo, \u00e9 fornecido apenas para fins informativos. Nenhuma [&hellip;]<\/p>\n","protected":false},"author":1,"featured_media":0,"parent":0,"menu_order":0,"comment_status":"closed","ping_status":"closed","template":"elementor_header_footer","meta":{"footnotes":""},"class_list":["post-1136","page","type-page","status-publish","hentry"],"_links":{"self":[{"href":"http:\/\/kidimais.com.br\/sitenovo\/wp-json\/wp\/v2\/pages\/1136","targetHints":{"allow":["GET"]}}],"collection":[{"href":"http:\/\/kidimais.com.br\/sitenovo\/wp-json\/wp\/v2\/pages"}],"about":[{"href":"http:\/\/kidimais.com.br\/sitenovo\/wp-json\/wp\/v2\/types\/page"}],"author":[{"embeddable":true,"href":"http:\/\/kidimais.com.br\/sitenovo\/wp-json\/wp\/v2\/users\/1"}],"replies":[{"embeddable":true,"href":"http:\/\/kidimais.com.br\/sitenovo\/wp-json\/wp\/v2\/comments?post=1136"}],"version-history":[{"count":4,"href":"http:\/\/kidimais.com.br\/sitenovo\/wp-json\/wp\/v2\/pages\/1136\/revisions"}],"predecessor-version":[{"id":1140,"href":"http:\/\/kidimais.com.br\/sitenovo\/wp-json\/wp\/v2\/pages\/1136\/revisions\/1140"}],"wp:attachment":[{"href":"http:\/\/kidimais.com.br\/sitenovo\/wp-json\/wp\/v2\/media?parent=1136"}],"curies":[{"name":"wp","href":"https:\/\/api.w.org\/{rel}","templated":true}]}}